{"id":39,"date":"2018-02-08T16:14:00","date_gmt":"2018-02-08T19:14:00","guid":{"rendered":"https:\/\/priscillabarbiero.adv.br\/?page_id=39"},"modified":"2023-02-13T15:09:13","modified_gmt":"2023-02-13T18:09:13","slug":"home","status":"publish","type":"page","link":"https:\/\/priscillabarbiero.adv.br\/","title":{"rendered":"Home"},"content":{"rendered":"\n[et_pb_section fb_built=&#8221;1&#8243; fullwidth=&#8221;on&#8221; _builder_version=&#8221;3.0.101&#8243;][et_pb_fullwidth_header text_orientation=&#8221;center&#8221; header_fullscreen=&#8221;on&#8221; header_scroll_down=&#8221;on&#8221; scroll_down_icon=&#8221;%%0%%&#8221; logo_image_url=&#8221;https:\/\/priscillabarbiero.adv.br\/wp-content\/uploads\/2018\/02\/LOGO-P.Barbiero-2.png&#8221; content_max_width=&#8221;81%&#8221; _builder_version=&#8221;3.0.101&#8243; background_color=&#8221;#043948&#8243; animation_style=&#8221;fade&#8221;][\/et_pb_fullwidth_header][\/et_pb_section][et_pb_section fb_built=&#8221;1&#8243; disabled_on=&#8221;on|on|on&#8221; admin_label=&#8221;Our Specialties Section&#8221; _builder_version=&#8221;3.0.101&#8243; custom_padding=&#8221;110px||110px|&#8221;][et_pb_row admin_label=&#8221;Title Area&#8221; _builder_version=&#8221;3.0.89&#8243;][et_pb_column type=&#8221;4_4&#8243; _builder_version=&#8221;3.0.47&#8243; parallax=&#8221;off&#8221; parallax_method=&#8221;on&#8221;][et_pb_text admin_label=&#8221;Title&#8221; _builder_version=&#8221;3.0.92&#8243; text_font=&#8221;||||||||&#8221; header_font=&#8221;||||||||&#8221; header_2_font=&#8221;Alice||||||||&#8221; header_2_text_align=&#8221;center&#8221; header_2_font_size=&#8221;42px&#8221; header_2_line_height=&#8221;1.3em&#8221; custom_margin=&#8221;||20px|&#8221; animation_style=&#8221;slide&#8221; animation_direction=&#8221;top&#8221; animation_intensity_slide=&#8221;30%&#8221; animation_starting_opacity=&#8221;100%&#8221;]<h2>\u00c1reas de atua\u00e7\u00e3o<\/h2>\r[\/et_pb_text][et_pb_divider color=&#8221;#2a2a2a&#8221; show_divider=&#8221;on&#8221; divider_weight=&#8221;3px&#8221; _builder_version=&#8221;3.0.89&#8243; max_width=&#8221;50px&#8221; module_alignment=&#8221;center&#8221; custom_margin=&#8221;||10px|&#8221; animation_style=&#8221;slide&#8221; animation_direction=&#8221;top&#8221; animation_intensity_slide=&#8221;30%&#8221; animation_starting_opacity=&#8221;100%&#8221;][\/et_pb_divider][et_pb_text admin_label=&#8221;Subtitle&#8221; _builder_version=&#8221;3.0.92&#8243; text_font=&#8221;||||||||&#8221; text_font_size=&#8221;16px&#8221; text_line_height=&#8221;1.8em&#8221; text_orientation=&#8221;center&#8221; max_width=&#8221;700px&#8221; module_alignment=&#8221;center&#8221; animation_style=&#8221;slide&#8221; animation_direction=&#8221;top&#8221; animation_intensity_slide=&#8221;20%&#8221; animation_starting_opacity=&#8221;100%&#8221;]Nulla tempus sollicitudin dui, ut vehicula lacus porta vel. Duis urna ligula, luctus at feugiat a lacinia ut sem. Quisque sit amet ipsum ac odio malesuada convallis.\r[\/et_pb_text][\/et_pb_column][\/et_pb_row][et_pb_row custom_margin=&#8221;40px|||&#8221; admin_label=&#8221;Our Specialties&#8221; _builder_version=&#8221;3.0.92&#8243;][et_pb_column type=&#8221;1_3&#8243; _builder_version=&#8221;3.0.47&#8243; parallax=&#8221;off&#8221; parallax_method=&#8221;on&#8221;][et_pb_image src=&#8221;https:\/\/priscillabarbiero.adv.br\/wp-content\/uploads\/2018\/02\/florist-05.jpg&#8221; force_fullwidth=&#8221;on&#8221; _builder_version=&#8221;3.0.92&#8243; animation_style=&#8221;zoom&#8221; animation_direction=&#8221;top&#8221; animation_intensity_zoom=&#8221;10%&#8221; animation_starting_opacity=&#8221;100%&#8221;][\/et_pb_image][et_pb_text _builder_version=&#8221;3.0.92&#8243; text_font=&#8221;||||||||&#8221; text_font_size=&#8221;16px&#8221; text_line_height=&#8221;1.8em&#8221; header_font=&#8221;||||||||&#8221; header_3_font=&#8221;|600|||||||&#8221; header_3_line_height=&#8221;1.5em&#8221; custom_margin=&#8221;40px||10px|&#8221; custom_padding=&#8221;|||&#8221; animation_style=&#8221;flip&#8221; animation_starting_opacity=&#8221;100%&#8221;]<h3>C\u00edvel<\/h3>\r\nFusce ornare vitae purus dictum volutpat. Sed auctor tortor eleifend quam porttitor imperdiet mi blandit.\r[\/et_pb_text][\/et_pb_column][et_pb_column type=&#8221;1_3&#8243; _builder_version=&#8221;3.0.47&#8243; parallax=&#8221;off&#8221; parallax_method=&#8221;on&#8221;][et_pb_image src=&#8221;https:\/\/priscillabarbiero.adv.br\/wp-content\/uploads\/2018\/02\/florist-06.jpg&#8221; force_fullwidth=&#8221;on&#8221; _builder_version=&#8221;3.0.92&#8243; animation_style=&#8221;zoom&#8221; animation_direction=&#8221;top&#8221; animation_intensity_zoom=&#8221;10%&#8221; animation_starting_opacity=&#8221;100%&#8221;][\/et_pb_image][et_pb_text _builder_version=&#8221;3.0.92&#8243; text_font=&#8221;||||||||&#8221; text_font_size=&#8221;16px&#8221; text_line_height=&#8221;1.8em&#8221; header_font=&#8221;||||||||&#8221; header_3_font=&#8221;|600|||||||&#8221; header_3_line_height=&#8221;1.5em&#8221; custom_margin=&#8221;40px||10px|&#8221; custom_padding=&#8221;|||&#8221; animation_style=&#8221;flip&#8221; animation_starting_opacity=&#8221;100%&#8221;]<h3>Fam\u00edlia<\/h3>\r\nFusce ornare vitae purus dictum volutpat. Sed auctor tortor eleifend quam porttitor imperdiet mi blandit.\r[\/et_pb_text][\/et_pb_column][et_pb_column type=&#8221;1_3&#8243; _builder_version=&#8221;3.0.47&#8243; parallax=&#8221;off&#8221; parallax_method=&#8221;on&#8221;][et_pb_image src=&#8221;https:\/\/priscillabarbiero.adv.br\/wp-content\/uploads\/2018\/02\/florist-06-1.jpg&#8221; force_fullwidth=&#8221;on&#8221; _builder_version=&#8221;3.0.92&#8243; animation_style=&#8221;zoom&#8221; animation_direction=&#8221;top&#8221; animation_intensity_zoom=&#8221;10%&#8221; animation_starting_opacity=&#8221;100%&#8221;][\/et_pb_image][et_pb_text _builder_version=&#8221;3.0.92&#8243; text_font=&#8221;||||||||&#8221; text_font_size=&#8221;16px&#8221; text_line_height=&#8221;1.8em&#8221; header_font=&#8221;||||||||&#8221; header_3_font=&#8221;|600|||||||&#8221; header_3_line_height=&#8221;1.5em&#8221; custom_margin=&#8221;40px||10px|&#8221; custom_padding=&#8221;|||&#8221; animation_style=&#8221;flip&#8221; animation_starting_opacity=&#8221;100%&#8221;]<h3>Empresarial<\/h3>\r\nFusce ornare vitae purus dictum volutpat. Sed auctor tortor eleifend quam porttitor imperdiet mi blandit.\r[\/et_pb_text][\/et_pb_column][\/et_pb_row][\/et_pb_section][et_pb_section fb_built=&#8221;1&#8243; background_color=&#8221;#dfe0e5&#8243; admin_label=&#8221;Custom Bouquets Section&#8221; _builder_version=&#8221;3.0.92&#8243; custom_padding=&#8221;110px||110px|&#8221;][et_pb_row admin_label=&#8221;Title Area&#8221; _builder_version=&#8221;3.0.89&#8243;][et_pb_column type=&#8221;4_4&#8243; _builder_version=&#8221;3.0.47&#8243; parallax=&#8221;off&#8221; parallax_method=&#8221;on&#8221;][et_pb_text admin_label=&#8221;Title&#8221; _builder_version=&#8221;3.0.92&#8243; text_font=&#8221;||||||||&#8221; header_font=&#8221;||||||||&#8221; header_2_font=&#8221;Alice||||||||&#8221; header_2_font_size=&#8221;42px&#8221; header_2_line_height=&#8221;1.3em&#8221; custom_margin=&#8221;||20px|&#8221; animation_style=&#8221;slide&#8221; animation_direction=&#8221;top&#8221; animation_intensity_slide=&#8221;30%&#8221; animation_starting_opacity=&#8221;100%&#8221;]<h2>Site em desenvolvimento<\/h2>[\/et_pb_text][et_pb_divider color=&#8221;#797036&#8243; show_divider=&#8221;on&#8221; divider_weight=&#8221;3px&#8221; _builder_version=&#8221;3.0.101&#8243; max_width=&#8221;50px&#8221; custom_margin=&#8221;||10px|&#8221; animation_style=&#8221;slide&#8221; animation_direction=&#8221;top&#8221; animation_intensity_slide=&#8221;30%&#8221; animation_starting_opacity=&#8221;100%&#8221;][\/et_pb_divider][et_pb_text disabled_on=&#8221;on|on|on&#8221; admin_label=&#8221;Subtitle&#8221; _builder_version=&#8221;3.0.101&#8243; text_font=&#8221;||||||||&#8221; text_font_size=&#8221;16px&#8221; text_line_height=&#8221;1.8em&#8221; max_width=&#8221;700px&#8221; module_alignment=&#8221;left&#8221; animation_style=&#8221;slide&#8221; animation_direction=&#8221;top&#8221; animation_intensity_slide=&#8221;20%&#8221; animation_starting_opacity=&#8221;100%&#8221;][\/et_pb_text][\/et_pb_column][\/et_pb_row][\/et_pb_section][et_pb_section fb_built=&#8221;1&#8243; disabled_on=&#8221;on|on|on&#8221; admin_label=&#8221;Gallery Row&#8221; _builder_version=&#8221;3.0.101&#8243; custom_padding=&#8221;0px|0px|0px|0px&#8221;][et_pb_row make_fullwidth=&#8221;on&#8221; use_custom_gutter=&#8221;on&#8221; gutter_width=&#8221;1&#8243; custom_padding=&#8221;0px|0px|0px|0px&#8221; _builder_version=&#8221;3.0.92&#8243;][et_pb_column type=&#8221;1_4&#8243; _builder_version=&#8221;3.0.47&#8243; parallax=&#8221;off&#8221; parallax_method=&#8221;on&#8221;][et_pb_image src=&#8221;https:\/\/priscillabarbiero.adv.br\/wp-content\/uploads\/2018\/02\/16.jpg&#8221; force_fullwidth=&#8221;on&#8221; _builder_version=&#8221;3.0.92&#8243; locked=&#8221;off&#8221;][\/et_pb_image][\/et_pb_column][et_pb_column type=&#8221;1_4&#8243; _builder_version=&#8221;3.0.47&#8243; parallax=&#8221;off&#8221; parallax_method=&#8221;on&#8221;][et_pb_image src=&#8221;https:\/\/priscillabarbiero.adv.br\/wp-content\/uploads\/2018\/02\/06_img.jpg&#8221; force_fullwidth=&#8221;on&#8221; _builder_version=&#8221;3.0.92&#8243; locked=&#8221;off&#8221;][\/et_pb_image][\/et_pb_column][et_pb_column type=&#8221;1_4&#8243; _builder_version=&#8221;3.0.47&#8243; parallax=&#8221;off&#8221; parallax_method=&#8221;on&#8221;][et_pb_image src=&#8221;https:\/\/priscillabarbiero.adv.br\/wp-content\/uploads\/2018\/02\/18.jpg&#8221; force_fullwidth=&#8221;on&#8221; _builder_version=&#8221;3.0.92&#8243; locked=&#8221;off&#8221;][\/et_pb_image][\/et_pb_column][et_pb_column type=&#8221;1_4&#8243; _builder_version=&#8221;3.0.47&#8243; parallax=&#8221;off&#8221; parallax_method=&#8221;on&#8221;][et_pb_image src=&#8221;https:\/\/priscillabarbiero.adv.br\/wp-content\/uploads\/2018\/02\/21.jpg&#8221; force_fullwidth=&#8221;on&#8221; _builder_version=&#8221;3.0.92&#8243; locked=&#8221;off&#8221;][\/et_pb_image][\/et_pb_column][\/et_pb_row][\/et_pb_section][et_pb_section fb_built=&#8221;1&#8243; admin_label=&#8221;Footer Section&#8221; module_id=&#8221;contato&#8221; _builder_version=&#8221;3.0.101&#8243; custom_padding=&#8221;110px||110px|&#8221;][et_pb_row admin_label=&#8221;Title Area&#8221; _builder_version=&#8221;3.0.89&#8243; locked=&#8221;off&#8221;][et_pb_column type=&#8221;4_4&#8243; _builder_version=&#8221;3.0.47&#8243; parallax=&#8221;off&#8221; parallax_method=&#8221;on&#8221;][et_pb_text admin_label=&#8221;Title&#8221; _builder_version=&#8221;3.0.92&#8243; text_font=&#8221;||||||||&#8221; header_font=&#8221;||||||||&#8221; header_2_font=&#8221;Alice||||||||&#8221; header_2_text_align=&#8221;center&#8221; header_2_font_size=&#8221;42px&#8221; header_2_line_height=&#8221;1.3em&#8221; custom_margin=&#8221;||20px|&#8221; animation_style=&#8221;slide&#8221; animation_direction=&#8221;top&#8221; animation_intensity_slide=&#8221;30%&#8221; animation_starting_opacity=&#8221;100%&#8221;]<h2>CONTATO<\/h2>\r[\/et_pb_text][et_pb_divider color=&#8221;#797036&#8243; show_divider=&#8221;on&#8221; divider_weight=&#8221;3px&#8221; _builder_version=&#8221;3.0.101&#8243; max_width=&#8221;50px&#8221; module_alignment=&#8221;center&#8221; custom_margin=&#8221;||10px|&#8221; animation_style=&#8221;slide&#8221; animation_direction=&#8221;top&#8221; animation_intensity_slide=&#8221;30%&#8221; animation_starting_opacity=&#8221;100%&#8221;][\/et_pb_divider][\/et_pb_column][\/et_pb_row][et_pb_row _builder_version=&#8221;3.0.92&#8243;][et_pb_column type=&#8221;1_3&#8243; _builder_version=&#8221;3.0.47&#8243; parallax=&#8221;off&#8221; parallax_method=&#8221;on&#8221;][\/et_pb_column][et_pb_column type=&#8221;1_3&#8243; _builder_version=&#8221;3.0.47&#8243; parallax=&#8221;off&#8221; parallax_method=&#8221;on&#8221;][et_pb_blurb title=&#8221;Priscilla Barbiero&#8221; admin_label=&#8221;Address&#8221; _builder_version=&#8221;3.0.101&#8243; header_level=&#8221;h3&#8243; header_font=&#8221;Poppins|600|||||||&#8221; header_font_size=&#8221;26px&#8221; header_line_height=&#8221;1.8em&#8221; body_font=&#8221;||||||||&#8221; body_font_size=&#8221;16px&#8221; body_line_height=&#8221;1.8em&#8221; text_orientation=&#8221;center&#8221; animation_style=&#8221;fold&#8221; animation_direction=&#8221;left&#8221; animation_intensity_fold=&#8221;20%&#8221; animation_starting_opacity=&#8221;100%&#8221;]<strong>ADVOGADA\r\nOAB\/PR 25.632\r\n<\/strong>\r\nAv. C\u00e2ndido de Abreu, 660 \u00a0| \u00a0cj 1504\r\nCentro C\u00edvico \u00a0| \u00a0Curitiba . PR\r\n41.3352.7471\r\ncontato@priscillabarbiero.adv.br\r[\/et_pb_blurb][\/et_pb_column][et_pb_column type=&#8221;1_3&#8243; _builder_version=&#8221;3.0.47&#8243; parallax=&#8221;off&#8221; parallax_method=&#8221;on&#8221;][\/et_pb_column][\/et_pb_row][et_pb_row custom_margin=&#8221;40px|||&#8221; admin_label=&#8221;Footer Area&#8221; _builder_version=&#8221;3.0.92&#8243;][et_pb_column type=&#8221;4_4&#8243; _builder_version=&#8221;3.0.47&#8243; parallax=&#8221;off&#8221; parallax_method=&#8221;on&#8221;][et_pb_contact_form captcha=&#8221;off&#8221; email=&#8221;priscilla@priscillabarbiero.adv.br&#8221; success_message=&#8221;Eviado com sucesso !&#8221; submit_button_text=&#8221;ENVIAR&#8221; form_background_color=&#8221;rgba(255,255,255,0)&#8221; module_id=&#8221;et_pb_contact_form_0&#8243; _builder_version=&#8221;3.0.106&#8243; title_font=&#8221;Alice||||||||&#8221; title_text_align=&#8221;center&#8221; title_font_size=&#8221;36px&#8221; title_line_height=&#8221;1.5em&#8221; form_field_font=&#8221;||||||||&#8221; form_field_font_size=&#8221;16px&#8221; border_width_all=&#8221;1px&#8221; border_color_all=&#8221;rgba(0,0,0,0.12)&#8221; max_width=&#8221;800px&#8221; module_alignment=&#8221;center&#8221; custom_button=&#8221;on&#8221; button_text_size=&#8221;14px&#8221; button_text_color=&#8221;#ffffff&#8221; button_bg_color=&#8221;#053947&#8243; button_border_width=&#8221;12px&#8221; button_border_color=&#8221;#053947&#8243; button_border_radius=&#8221;0px&#8221; button_letter_spacing=&#8221;5px&#8221; button_font=&#8221;Poppins|600||on|||||&#8221; button_use_icon=&#8221;off&#8221; button_text_color_hover=&#8221;#ffffff&#8221; button_bg_color_hover=&#8221;#a68537&#8243; button_border_color_hover=&#8221;#a68537&#8243; button_border_radius_hover=&#8221;0px&#8221; button_letter_spacing_hover=&#8221;5px&#8221; button_text_size_last_edited=&#8221;on|desktop&#8221; button_text_shadow_style=&#8221;preset1&#8243; animation_style=&#8221;fade&#8221;][et_pb_contact_field field_id=&#8221;Name&#8221; field_title=&#8221;Nome&#8221; _builder_version=&#8221;3.0.101&#8243; form_field_font=&#8221;||||||||&#8221; border_radii=&#8221;on||||&#8221;][\/et_pb_contact_field][et_pb_contact_field field_id=&#8221;Email&#8221; field_title=&#8221;E-mail&#8221; field_type=&#8221;email&#8221; _builder_version=&#8221;3.0.101&#8243; border_radii=&#8221;on||||&#8221;][\/et_pb_contact_field][et_pb_contact_field field_id=&#8221;Message&#8221; field_title=&#8221;Mensagem&#8221; field_type=&#8221;text&#8221; fullwidth_field=&#8221;on&#8221; _builder_version=&#8221;3.0.101&#8243; border_radii=&#8221;on||||&#8221;][\/et_pb_contact_field][\/et_pb_contact_form][\/et_pb_column][\/et_pb_row][\/et_pb_section]\n","protected":false},"excerpt":{"rendered":"<p>\u00c1reas de atua\u00e7\u00e3o Nulla tempus sollicitudin dui, ut vehicula lacus porta vel. Duis urna ligula, luctus at feugiat a lacinia ut sem. Quisque sit amet ipsum ac odio malesuada convallis. C\u00edvel Fusce ornare vitae purus dictum volutpat. Sed auctor tortor eleifend quam porttitor imperdiet mi blandit. Fam\u00edlia Fusce ornare vitae purus dictum volutpat. Sed auctor [&hellip;]<\/p>\n","protected":false},"author":1,"featured_media":0,"parent":0,"menu_order":0,"comment_status":"closed","ping_status":"closed","template":"","meta":{"_et_pb_use_builder":"on","_et_pb_old_content":"<p>[et_pb_section bb_built=\"1\"][et_pb_row][\/et_pb_row][\/et_pb_section]<\/p>","_et_gb_content_width":""},"_links":{"self":[{"href":"https:\/\/priscillabarbiero.adv.br\/index.php?rest_route=\/wp\/v2\/pages\/39"}],"collection":[{"href":"https:\/\/priscillabarbiero.adv.br\/index.php?rest_route=\/wp\/v2\/pages"}],"about":[{"href":"https:\/\/priscillabarbiero.adv.br\/index.php?rest_route=\/wp\/v2\/types\/page"}],"author":[{"embeddable":true,"href":"https:\/\/priscillabarbiero.adv.br\/index.php?rest_route=\/wp\/v2\/users\/1"}],"replies":[{"embeddable":true,"href":"https:\/\/priscillabarbiero.adv.br\/index.php?rest_route=%2Fwp%2Fv2%2Fcomments&post=39"}],"version-history":[{"count":13,"href":"https:\/\/priscillabarbiero.adv.br\/index.php?rest_route=\/wp\/v2\/pages\/39\/revisions"}],"predecessor-version":[{"id":85,"href":"https:\/\/priscillabarbiero.adv.br\/index.php?rest_route=\/wp\/v2\/pages\/39\/revisions\/85"}],"wp:attachment":[{"href":"https:\/\/priscillabarbiero.adv.br\/index.php?rest_route=%2Fwp%2Fv2%2Fmedia&parent=39"}],"curies":[{"name":"wp","href":"https:\/\/api.w.org\/{rel}","templated":true}]}}